{"id":16,"date":"2023-05-23T22:39:19","date_gmt":"2023-05-23T22:39:19","guid":{"rendered":"https:\/\/novumedips.com\/?page_id=16"},"modified":"2023-06-23T22:54:37","modified_gmt":"2023-06-23T22:54:37","slug":"quienes-somos","status":"publish","type":"page","link":"https:\/\/novumedips.com\/index.php\/quienes-somos\/","title":{"rendered":"Quienes somos"},"content":{"rendered":"\n<div class=\"wp-block-uagb-separator uagb-block-16a3729b\"><div class=\"wp-block-uagb-separator__inner\" style=\"--my-background-image:\"><\/div><\/div>\n\n\n\n<div class=\"wp-block-uagb-advanced-heading uagb-block-eda372c8\"><h2 class=\"uagb-heading-text\">Enfocados en tu bienestar<\/h2><div class=\"uagb-separator\"><\/div><\/div>\n\n\n\n<div class=\"wp-block-uagb-separator uagb-block-42473152\"><div class=\"wp-block-uagb-separator__inner\" style=\"--my-background-image:\"><\/div><\/div>\n\n\n\n<div class=\"wp-block-media-text alignwide has-media-on-the-right is-stacked-on-mobile is-image-fill has-small-font-size\" style=\"grid-template-columns:auto 22%\" id=\"mision\"><div class=\"wp-block-media-text__content\">\n<div class=\"wp-block-group\"><div class=\"wp-block-group__inner-container is-layout-constrained wp-block-group-is-layout-constrained\">\n<div class=\"wp-block-uagb-advanced-heading uagb-block-66358dee\"><h2 class=\"uagb-heading-text\">MISI\u00d3N<\/h2><div class=\"uagb-separator\"><\/div><\/div>\n\n\n\n<div class=\"wp-block-group\"><div class=\"wp-block-group__inner-container is-layout-constrained wp-block-group-is-layout-constrained\">\n<p>Nuestra Misi\u00f3n como Instituci\u00f3n Prestadora de Servicios de Salud, a nivel nacional, consiste en atender a Entidades Administradoras de Planes de Beneficios y pacientes particulares, prestando servicios en forma oportuna, responsable y confidencial.<\/p>\n\n\n\n<p class=\"has-text-align-left\">Trabajamos para el mejoramiento continuo de nuestros procesos de atenci\u00f3n, administrando servicios con \u00e9nfasis en tratamientos integrales, teniendo como fundamento los derechos de los pacientes y nuestros valores representados en la \u00e9tica, la integridad, el respeto y la responsabilidad.<\/p>\n\n\n\n<p class=\"has-text-align-left\">Estamos apoyados en un equipo humano capacitado en todas sus competencias para procurar la excelencia y garantizar a los pacientes la satisfacci\u00f3n de sus necesidades de salud.<\/p>\n<\/div><\/div>\n<\/div><\/div>\n<\/div><figure class=\"wp-block-media-text__media\" style=\"background-image:url(https:\/\/novumedips.com\/wp-content\/uploads\/2023\/06\/doctor-sosteniendo-corazon-rojo-cerca.jpg);background-position:50% 50%\"><img decoding=\"async\" width=\"401\" height=\"600\" src=\"https:\/\/novumedips.com\/wp-content\/uploads\/2023\/06\/doctor-sosteniendo-corazon-rojo-cerca.jpg\" alt=\"quienes somos\" class=\"wp-image-1572 size-full\" srcset=\"https:\/\/novumedips.com\/wp-content\/uploads\/2023\/06\/doctor-sosteniendo-corazon-rojo-cerca.jpg 401w, https:\/\/novumedips.com\/wp-content\/uploads\/2023\/06\/doctor-sosteniendo-corazon-rojo-cerca-201x300.jpg 201w\" sizes=\"(max-width: 401px) 100vw, 401px\" \/><\/figure><\/div>\n\n\n\n<div class=\"wp-block-media-text is-stacked-on-mobile is-image-fill has-small-font-size\" style=\"grid-template-columns:22% auto\" id=\"vision\"><figure class=\"wp-block-media-text__media\" style=\"background-image:url(https:\/\/novumedips.com\/wp-content\/uploads\/2023\/06\/equipo-medicos.jpg);background-position:50% 50%\"><img decoding=\"async\" width=\"900\" height=\"600\" src=\"https:\/\/novumedips.com\/wp-content\/uploads\/2023\/06\/equipo-medicos.jpg\" alt=\"quienes somos visi\u00f3n\" class=\"wp-image-1583 size-full\" srcset=\"https:\/\/novumedips.com\/wp-content\/uploads\/2023\/06\/equipo-medicos.jpg 900w, https:\/\/novumedips.com\/wp-content\/uploads\/2023\/06\/equipo-medicos-300x200.jpg 300w, https:\/\/novumedips.com\/wp-content\/uploads\/2023\/06\/equipo-medicos-768x512.jpg 768w\" sizes=\"(max-width: 900px) 100vw, 900px\" \/><\/figure><div class=\"wp-block-media-text__content\">\n<div class=\"wp-block-group\"><div class=\"wp-block-group__inner-container is-layout-constrained wp-block-group-is-layout-constrained\">\n<div class=\"wp-block-uagb-advanced-heading uagb-block-92fe37f3\"><h2 class=\"uagb-heading-text\">VISI\u00d3N<\/h2><div class=\"uagb-separator\"><\/div><\/div>\n\n\n\n<div class=\"wp-block-group\"><div class=\"wp-block-group__inner-container is-layout-constrained wp-block-group-is-layout-constrained\">\n<p>Seremos los l\u00edderes en la prestaci\u00f3n de servicios de salud, a nivel nacional, siempre orientados al mejoramiento de nuestros pacientes, conservando el alto nivel de atenci\u00f3n y apoyados en nuestro id\u00f3neo recurso humano.<\/p>\n<\/div><\/div>\n<\/div><\/div>\n<\/div><\/div>\n\n\n\n<div class=\"wp-block-media-text alignwide has-media-on-the-right is-stacked-on-mobile is-vertically-aligned-top is-image-fill has-small-font-size\" style=\"grid-template-columns:auto 22%\" id=\"valores-corp\"><div class=\"wp-block-media-text__content\">\n<div class=\"wp-block-group\"><div class=\"wp-block-group__inner-container is-layout-constrained wp-block-group-is-layout-constrained\">\n<div class=\"wp-block-uagb-advanced-heading uagb-block-58106791\"><h2 class=\"uagb-heading-text\">VALORES CORPORATIVOS<\/h2><div class=\"uagb-separator\"><\/div><\/div>\n\n\n\n<div class=\"wp-block-group\"><div class=\"wp-block-group__inner-container is-layout-constrained wp-block-group-is-layout-constrained\">\n<p><strong><a class=\"contenido-enlaces\" href=\"https:\/\/es.wikipedia.org\/wiki\/%C3%89tica\" target=\"_blank\" rel=\"noreferrer noopener\">\u00c9TICA<\/a>:<\/strong>&nbsp;La atenci\u00f3n se fundamenta en el respeto por la vida, con la m\u00e1s estricta reserva profesional, dada a todos los pacientes sin distingo de nacionalidad, orden econ\u00f3mico- social, racial, pol\u00edtico o religioso.<\/p>\n\n\n\n<p><strong><a class=\"contenido-enlaces\" href=\"https:\/\/es.wikipedia.org\/wiki\/Integridad_personal\" target=\"_blank\" rel=\"noreferrer noopener\">INTEGRIDAD<\/a>:<\/strong>&nbsp;Ser profesional no es \u00fanicamente ejercer una profesi\u00f3n, sino que implica realizarla con conocimiento del servicio en que ejercemos, lealtad a las normas \u00e9ticas y buscar el mejoramiento de la salud de los pacientes.<\/p>\n\n\n\n<p><strong><a class=\"contenido-enlaces\" href=\"https:\/\/es.wikipedia.org\/wiki\/Respeto#\" target=\"_blank\" rel=\"noreferrer noopener\">RESPETO<\/a>:<\/strong>&nbsp;Se tienen en cuenta la dignidad y valores inherentes de cada paciente, as\u00ed como del recurso humano.<\/p>\n\n\n\n<p><strong><a class=\"contenido-enlaces\" href=\"https:\/\/es.wikipedia.org\/wiki\/Responsabilidad#\" target=\"_blank\" rel=\"noreferrer noopener\">RESPONSABILIDAD<\/a>:<\/strong>&nbsp;Con el desarrollo de competencias de nuestro recurso humano que garantice la atenci\u00f3n integral a nuestros pacientes.<\/p>\n<\/div><\/div>\n<\/div><\/div>\n<\/div><figure class=\"wp-block-media-text__media\" style=\"background-image:url(https:\/\/novumedips.com\/wp-content\/uploads\/2023\/06\/equipo-enfermera-medico-listo-dia-trabajo.jpg);background-position:50% 50%\"><img decoding=\"async\" src=\"https:\/\/novumedips.com\/wp-content\/uploads\/2023\/06\/equipo-enfermera-medico-listo-dia-trabajo.jpg\" alt=\"quienes somos valores corporativos\" class=\"wp-image-976 size-full\"\/><\/figure><\/div>\n\n\n\n<div class=\"wp-block-media-text is-stacked-on-mobile is-image-fill has-small-font-size\" style=\"grid-template-columns:22% auto\" id=\"politica-seguridad_paciente\"><figure class=\"wp-block-media-text__media\" style=\"background-image:url(https:\/\/novumedips.com\/wp-content\/uploads\/2023\/06\/banner-medico-medico-guante-scaled-1.jpg);background-position:71% 37%\"><img decoding=\"async\" src=\"https:\/\/novumedips.com\/wp-content\/uploads\/2023\/06\/banner-medico-medico-guante-scaled-1.jpg\" alt=\"quienes somos politica de seguridad del paciente\" class=\"wp-image-971 size-full\"\/><\/figure><div class=\"wp-block-media-text__content\">\n<div class=\"wp-block-group\"><div class=\"wp-block-group__inner-container is-layout-constrained wp-block-group-is-layout-constrained\">\n<div class=\"wp-block-uagb-advanced-heading uagb-block-6bf55c7f\"><h2 class=\"uagb-heading-text\">POLITICA DE SEGURIDAD DEL PACIENTE<\/h2><div class=\"uagb-separator\"><\/div><\/div>\n\n\n\n<div class=\"wp-block-group\"><div class=\"wp-block-group__inner-container is-layout-constrained wp-block-group-is-layout-constrained\">\n<p><strong>NOVUMED SALUD SAS.<\/strong>, se compromete a trabajar por la <a class=\"contenido-enlaces\" href=\"https:\/\/novumedips.com\/index.php\/politica-de-privacidad\/\">seguridad del paciente<\/a> en un ambiente \u00f3ptimo, disponiendo de todos sus recursos f\u00edsicos y humanos, promoviendo procesos de atenci\u00f3n humanizada y segura, desarrollando una cultura de autocuidado en nuestros colaboradores, pacientes y sus familiares a trav\u00e9s de la ejecuci\u00f3n de actividades que prevengan, detecten y gestionan los incidentes y eventos adversos ocurridos durante el proceso de atenci\u00f3n.<\/p>\n<\/div><\/div>\n<\/div><\/div>\n<\/div><\/div>\n\n\n\n<hr class=\"wp-block-separator alignwide has-alpha-channel-opacity is-style-wide\"\/>\n","protected":false},"excerpt":{"rendered":"<p>Enfocados en tu bienestar<\/p>\n","protected":false},"author":1,"featured_media":0,"parent":0,"menu_order":0,"comment_status":"closed","ping_status":"closed","template":"","meta":{"_coblocks_attr":"","_coblocks_dimensions":"","_coblocks_responsive_height":"","_coblocks_accordion_ie_support":"","_uag_custom_page_level_css":"","_joinchat":[],"footnotes":""},"class_list":["post-16","page","type-page","status-publish","hentry"],"yoast_head":"<!-- This site is optimized with the Yoast SEO plugin v21.4 - https:\/\/yoast.com\/wordpress\/plugins\/seo\/ -->\n<title>Quienes somos - novumed<\/title>\n<meta name=\"description\" content=\"\u00bfQuienes somos? Somos una Instituci\u00f3n Prestadora de Servicios de Salud a nivel nacional, trabajamos en el mejoramiento continuo.\" \/>\n<meta name=\"robots\" content=\"index, follow, max-snippet:-1, max-image-preview:large, max-video-preview:-1\" \/>\n<link rel=\"canonical\" href=\"https:\/\/novumedips.com\/index.php\/quienes-somos\/\" \/>\n<meta property=\"og:locale\" content=\"es_ES\" \/>\n<meta property=\"og:type\" content=\"article\" \/>\n<meta property=\"og:title\" content=\"Quienes somos - novumed\" \/>\n<meta property=\"og:description\" content=\"\u00bfQuienes somos? Somos una Instituci\u00f3n Prestadora de Servicios de Salud a nivel nacional, trabajamos en el mejoramiento continuo.\" \/>\n<meta property=\"og:url\" content=\"https:\/\/novumedips.com\/index.php\/quienes-somos\/\" \/>\n<meta property=\"og:site_name\" content=\"novumed\" \/>\n<meta property=\"article:modified_time\" content=\"2023-06-23T22:54:37+00:00\" \/>\n<meta property=\"og:image\" content=\"https:\/\/novumedips.com\/wp-content\/uploads\/2023\/06\/doctor-sosteniendo-corazon-rojo-cerca.jpg\" \/>\n<meta name=\"twitter:card\" content=\"summary_large_image\" \/>\n<meta name=\"twitter:label1\" content=\"Tiempo estimado de lectura\" \/>\n\t<meta name=\"twitter:data1\" content=\"3 minutos\" \/>\n<script type=\"application\/ld+json\" class=\"yoast-schema-graph\">{\"@context\":\"https:\/\/schema.org\",\"@graph\":[{\"@type\":\"WebPage\",\"@id\":\"https:\/\/novumedips.com\/index.php\/quienes-somos\/\",\"url\":\"https:\/\/novumedips.com\/index.php\/quienes-somos\/\",\"name\":\"Quienes somos - novumed\",\"isPartOf\":{\"@id\":\"https:\/\/novumedips.com\/#website\"},\"datePublished\":\"2023-05-23T22:39:19+00:00\",\"dateModified\":\"2023-06-23T22:54:37+00:00\",\"description\":\"\u00bfQuienes somos? Somos una Instituci\u00f3n Prestadora de Servicios de Salud a nivel nacional, trabajamos en el mejoramiento continuo.\",\"inLanguage\":\"es-CO\",\"potentialAction\":[{\"@type\":\"ReadAction\",\"target\":[\"https:\/\/novumedips.com\/index.php\/quienes-somos\/\"]}]},{\"@type\":\"WebSite\",\"@id\":\"https:\/\/novumedips.com\/#website\",\"url\":\"https:\/\/novumedips.com\/\",\"name\":\"novumed\",\"description\":\"\",\"publisher\":{\"@id\":\"https:\/\/novumedips.com\/#organization\"},\"potentialAction\":[{\"@type\":\"SearchAction\",\"target\":{\"@type\":\"EntryPoint\",\"urlTemplate\":\"https:\/\/novumedips.com\/?s={search_term_string}\"},\"query-input\":\"required name=search_term_string\"}],\"inLanguage\":\"es-CO\"},{\"@type\":\"Organization\",\"@id\":\"https:\/\/novumedips.com\/#organization\",\"name\":\"novumed\",\"url\":\"https:\/\/novumedips.com\/\",\"logo\":{\"@type\":\"ImageObject\",\"inLanguage\":\"es-CO\",\"@id\":\"https:\/\/novumedips.com\/#\/schema\/logo\/image\/\",\"url\":\"https:\/\/novumedips.com\/wp-content\/uploads\/2023\/06\/cropped-logo-NOVUMED_texto-1.jpg\",\"contentUrl\":\"https:\/\/novumedips.com\/wp-content\/uploads\/2023\/06\/cropped-logo-NOVUMED_texto-1.jpg\",\"width\":268,\"height\":250,\"caption\":\"novumed\"},\"image\":{\"@id\":\"https:\/\/novumedips.com\/#\/schema\/logo\/image\/\"}}]}<\/script>\n<!-- \/ Yoast SEO plugin. -->","yoast_head_json":{"title":"Quienes somos - novumed","description":"\u00bfQuienes somos? Somos una Instituci\u00f3n Prestadora de Servicios de Salud a nivel nacional, trabajamos en el mejoramiento continuo.","robots":{"index":"index","follow":"follow","max-snippet":"max-snippet:-1","max-image-preview":"max-image-preview:large","max-video-preview":"max-video-preview:-1"},"canonical":"https:\/\/novumedips.com\/index.php\/quienes-somos\/","og_locale":"es_ES","og_type":"article","og_title":"Quienes somos - novumed","og_description":"\u00bfQuienes somos? Somos una Instituci\u00f3n Prestadora de Servicios de Salud a nivel nacional, trabajamos en el mejoramiento continuo.","og_url":"https:\/\/novumedips.com\/index.php\/quienes-somos\/","og_site_name":"novumed","article_modified_time":"2023-06-23T22:54:37+00:00","og_image":[{"url":"https:\/\/novumedips.com\/wp-content\/uploads\/2023\/06\/doctor-sosteniendo-corazon-rojo-cerca.jpg"}],"twitter_card":"summary_large_image","twitter_misc":{"Tiempo estimado de lectura":"3 minutos"},"schema":{"@context":"https:\/\/schema.org","@graph":[{"@type":"WebPage","@id":"https:\/\/novumedips.com\/index.php\/quienes-somos\/","url":"https:\/\/novumedips.com\/index.php\/quienes-somos\/","name":"Quienes somos - novumed","isPartOf":{"@id":"https:\/\/novumedips.com\/#website"},"datePublished":"2023-05-23T22:39:19+00:00","dateModified":"2023-06-23T22:54:37+00:00","description":"\u00bfQuienes somos? Somos una Instituci\u00f3n Prestadora de Servicios de Salud a nivel nacional, trabajamos en el mejoramiento continuo.","inLanguage":"es-CO","potentialAction":[{"@type":"ReadAction","target":["https:\/\/novumedips.com\/index.php\/quienes-somos\/"]}]},{"@type":"WebSite","@id":"https:\/\/novumedips.com\/#website","url":"https:\/\/novumedips.com\/","name":"novumed","description":"","publisher":{"@id":"https:\/\/novumedips.com\/#organization"},"potentialAction":[{"@type":"SearchAction","target":{"@type":"EntryPoint","urlTemplate":"https:\/\/novumedips.com\/?s={search_term_string}"},"query-input":"required name=search_term_string"}],"inLanguage":"es-CO"},{"@type":"Organization","@id":"https:\/\/novumedips.com\/#organization","name":"novumed","url":"https:\/\/novumedips.com\/","logo":{"@type":"ImageObject","inLanguage":"es-CO","@id":"https:\/\/novumedips.com\/#\/schema\/logo\/image\/","url":"https:\/\/novumedips.com\/wp-content\/uploads\/2023\/06\/cropped-logo-NOVUMED_texto-1.jpg","contentUrl":"https:\/\/novumedips.com\/wp-content\/uploads\/2023\/06\/cropped-logo-NOVUMED_texto-1.jpg","width":268,"height":250,"caption":"novumed"},"image":{"@id":"https:\/\/novumedips.com\/#\/schema\/logo\/image\/"}}]}},"uagb_featured_image_src":{"full":false,"thumbnail":false,"medium":false,"medium_large":false,"large":false,"1536x1536":false,"2048x2048":false,"tabib-hospital-featured-image":false,"tabib-hospital-thumbnail-avatar":false},"uagb_author_info":{"display_name":"admin","author_link":"https:\/\/novumedips.com\/index.php\/author\/novumedips\/"},"uagb_comment_info":0,"uagb_excerpt":"Enfocados en tu bienestar","_links":{"self":[{"href":"https:\/\/novumedips.com\/index.php\/wp-json\/wp\/v2\/pages\/16","targetHints":{"allow":["GET"]}}],"collection":[{"href":"https:\/\/novumedips.com\/index.php\/wp-json\/wp\/v2\/pages"}],"about":[{"href":"https:\/\/novumedips.com\/index.php\/wp-json\/wp\/v2\/types\/page"}],"author":[{"embeddable":true,"href":"https:\/\/novumedips.com\/index.php\/wp-json\/wp\/v2\/users\/1"}],"replies":[{"embeddable":true,"href":"https:\/\/novumedips.com\/index.php\/wp-json\/wp\/v2\/comments?post=16"}],"version-history":[{"count":0,"href":"https:\/\/novumedips.com\/index.php\/wp-json\/wp\/v2\/pages\/16\/revisions"}],"wp:attachment":[{"href":"https:\/\/novumedips.com\/index.php\/wp-json\/wp\/v2\/media?parent=16"}],"curies":[{"name":"wp","href":"https:\/\/api.w.org\/{rel}","templated":true}]}}