{"id":2263,"date":"2025-08-29T13:41:07","date_gmt":"2025-08-29T13:41:07","guid":{"rendered":"https:\/\/novumedips.com\/?page_id=2263"},"modified":"2025-08-29T15:59:32","modified_gmt":"2025-08-29T15:59:32","slug":"linea-etica","status":"publish","type":"page","link":"https:\/\/novumedips.com\/index.php\/linea-etica\/","title":{"rendered":"Linea Etica"},"content":{"rendered":"\n<br><br>\n<div style=\"font-family: Arial, sans-serif; color:#333; line-height:1.6;\">\n\n  <h2 style=\"color:#22B6B8; border-bottom:2px solid #22B6B8; padding-bottom:5px; text-align:center;\">\n    L\u00ednea \u00c9tica\n  <\/h2>\n\n  <h3 style=\"color:#22B6B8; margin-top:20px;\">\u00bfQu\u00e9 es la L\u00ednea \u00c9tica?<\/h3>\n  <p>\n    Es un mecanismo que atiende reportes de actividades que sean contrarias a la Ley y al C\u00f3digo del Buen Gobierno, \n    conductas que atenten contra los derechos humanos y comportamientos inapropiados o indeseables dentro de \n    <strong>NOVUMED IPS<\/strong> En todo el proceso se mantiene la confidencialidad, \n    garantizando absoluta reserva desde el inicio hasta el final del caso. \n    Cualquier colaborador(a) y\/o tercero(a) relacionado(a) con NOVUMED IPS, puede hacer su reporte \n    a trav\u00e9s de la L\u00ednea \u00c9tica.\n  <\/p>\n\n  <h3 style=\"color:#22B6B8; margin-top:30px;\">\u00bfQu\u00e9 situaciones se pueden reportar por la L\u00ednea \u00c9tica?<\/h3>\n\n  <div style=\"display:grid; grid-template-columns:1fr 1fr; gap:10px; margin-top:20px;\">\n\n    <div style=\"border:1px solid #ddd; padding:15px; border-radius:6px; background:#fff; text-align:center; border-left:2px solid #22B6B8;\">\n      Participaci\u00f3n en <strong>actividades, negocios u operaciones contrarias a la ley.<\/strong>\n    <\/div>\n\n    <div style=\"border:1px solid #ddd; padding:15px; border-radius:6px; background:#fff; text-align:center; border-left:2px solid #22B6B8;\">\n      Notificaci\u00f3n de actividades sospechosas de <strong>lavado de dinero, narcotr\u00e1fico o cualquier acto il\u00edcito.<\/strong>\n    <\/div>\n\n    <div style=\"border:1px solid #ddd; padding:15px; border-radius:6px; background:#fff; text-align:center; border-left:2px solid #22B6B8;\">\n      Uso indebido de la <strong>informaci\u00f3n confidencial.<\/strong>\n    <\/div>\n\n    <div style=\"border:1px solid #ddd; padding:15px; border-radius:6px; background:#fff; text-align:center; border-left:2px solid #22B6B8;\">\n      Situaciones de <strong>deslealtad con la Organizaci\u00f3n.<\/strong>\n    <\/div>\n\n    <div style=\"border:1px solid #ddd; padding:15px; border-radius:6px; background:#fff; text-align:center; border-left:2px solid #22B6B8;\">\n      Apropiaci\u00f3n o <strong>uso indebido de los bienes<\/strong> de la compa\u00f1\u00eda.\n    <\/div>\n\n    <div style=\"border:1px solid #ddd; padding:15px; border-radius:6px; background:#fff; text-align:center; border-left:2px solid #22B6B8;\">\n      Falsificaci\u00f3n de <strong>contratos, reportes o registros.<\/strong>\n    <\/div>\n\n    <div style=\"border:1px solid #ddd; padding:15px; border-radius:6px; background:#fff; text-align:center; border-left:2px solid #22B6B8;\">\n      Pr\u00e1cticas comerciales <strong>en contra de los intereses de la Compa\u00f1\u00eda.<\/strong>\n    <\/div>\n\n    <div style=\"border:1px solid #ddd; padding:15px; border-radius:6px; background:#fff; text-align:center; border-left:2px solid #22B6B8;\">\n      Situaciones de <strong>conflicto de intereses.<\/strong>\n    <\/div>\n\n    <div style=\"border:1px solid #ddd; padding:15px; border-radius:6px; background:#fff; text-align:center; border-left:2px solid #22B6B8;\">\n      Abuso de las condiciones de <strong>administrador, funcionario o colaborador de la Compa\u00f1\u00eda<\/strong> para beneficio propio.\n    <\/div>\n\n    <div style=\"border:1px solid #ddd; padding:15px; border-radius:6px; background:#fff; text-align:center; border-left:2px solid #22B6B8;\" >\n      <strong>Aceptar regalos, favores, invitaciones, viajes, pagos<\/strong> y en general prebendas que puedan influir en sus decisiones \n      de negocios y operaciones, en beneficio directo o indirecto de quien la concede.\n    <\/div>\n\n  <\/div>\n<br>\n<h3 style=\"color:#22B6B8; border-bottom:2px solid #22B6B8; padding-bottom:5px; text-align:center;\">\n    Datos B\u00e1sicos del Reporte\n  <\/h3>\n<\/div>\n<br>\n\n\n\n<div class=\"forminator-guttenberg\">[forminator_form id=&#8221;2241&#8243;]<\/div>\n","protected":false},"excerpt":{"rendered":"<p>L\u00ednea \u00c9tica \u00bfQu\u00e9 es la L\u00ednea \u00c9tica? Es un mecanismo que atiende reportes de actividades que sean contrarias a la Ley y al C\u00f3digo del Buen Gobierno, conductas que atenten contra los derechos humanos y comportamientos inapropiados o indeseables dentro de NOVUMED IPS En todo el proceso se mantiene la confidencialidad, garantizando absoluta reserva desde [&hellip;]<\/p>\n","protected":false},"author":1,"featured_media":0,"parent":0,"menu_order":0,"comment_status":"closed","ping_status":"closed","template":"","meta":{"_coblocks_attr":"","_coblocks_dimensions":"","_coblocks_responsive_height":"","_coblocks_accordion_ie_support":"","_uag_custom_page_level_css":"","_joinchat":[],"footnotes":""},"class_list":["post-2263","page","type-page","status-publish","hentry"],"yoast_head":"<!-- This site is optimized with the Yoast SEO plugin v21.4 - https:\/\/yoast.com\/wordpress\/plugins\/seo\/ -->\n<title>Linea Etica - novumed<\/title>\n<meta name=\"robots\" content=\"index, follow, max-snippet:-1, max-image-preview:large, max-video-preview:-1\" \/>\n<link rel=\"canonical\" href=\"https:\/\/novumedips.com\/index.php\/linea-etica\/\" \/>\n<meta property=\"og:locale\" content=\"es_ES\" \/>\n<meta property=\"og:type\" content=\"article\" \/>\n<meta property=\"og:title\" content=\"Linea Etica - novumed\" \/>\n<meta property=\"og:description\" content=\"L\u00ednea \u00c9tica \u00bfQu\u00e9 es la L\u00ednea \u00c9tica? Es un mecanismo que atiende reportes de actividades que sean contrarias a la Ley y al C\u00f3digo del Buen Gobierno, conductas que atenten contra los derechos humanos y comportamientos inapropiados o indeseables dentro de NOVUMED IPS En todo el proceso se mantiene la confidencialidad, garantizando absoluta reserva desde [&hellip;]\" \/>\n<meta property=\"og:url\" content=\"https:\/\/novumedips.com\/index.php\/linea-etica\/\" \/>\n<meta property=\"og:site_name\" content=\"novumed\" \/>\n<meta property=\"article:modified_time\" content=\"2025-08-29T15:59:32+00:00\" \/>\n<meta name=\"twitter:card\" content=\"summary_large_image\" \/>\n<meta name=\"twitter:label1\" content=\"Tiempo estimado de lectura\" \/>\n\t<meta name=\"twitter:data1\" content=\"1 minuto\" \/>\n<script type=\"application\/ld+json\" class=\"yoast-schema-graph\">{\"@context\":\"https:\/\/schema.org\",\"@graph\":[{\"@type\":\"WebPage\",\"@id\":\"https:\/\/novumedips.com\/index.php\/linea-etica\/\",\"url\":\"https:\/\/novumedips.com\/index.php\/linea-etica\/\",\"name\":\"Linea Etica - novumed\",\"isPartOf\":{\"@id\":\"https:\/\/novumedips.com\/#website\"},\"datePublished\":\"2025-08-29T13:41:07+00:00\",\"dateModified\":\"2025-08-29T15:59:32+00:00\",\"inLanguage\":\"es-CO\",\"potentialAction\":[{\"@type\":\"ReadAction\",\"target\":[\"https:\/\/novumedips.com\/index.php\/linea-etica\/\"]}]},{\"@type\":\"WebSite\",\"@id\":\"https:\/\/novumedips.com\/#website\",\"url\":\"https:\/\/novumedips.com\/\",\"name\":\"novumed\",\"description\":\"\",\"publisher\":{\"@id\":\"https:\/\/novumedips.com\/#organization\"},\"potentialAction\":[{\"@type\":\"SearchAction\",\"target\":{\"@type\":\"EntryPoint\",\"urlTemplate\":\"https:\/\/novumedips.com\/?s={search_term_string}\"},\"query-input\":\"required name=search_term_string\"}],\"inLanguage\":\"es-CO\"},{\"@type\":\"Organization\",\"@id\":\"https:\/\/novumedips.com\/#organization\",\"name\":\"novumed\",\"url\":\"https:\/\/novumedips.com\/\",\"logo\":{\"@type\":\"ImageObject\",\"inLanguage\":\"es-CO\",\"@id\":\"https:\/\/novumedips.com\/#\/schema\/logo\/image\/\",\"url\":\"https:\/\/novumedips.com\/wp-content\/uploads\/2023\/06\/cropped-logo-NOVUMED_texto-1.jpg\",\"contentUrl\":\"https:\/\/novumedips.com\/wp-content\/uploads\/2023\/06\/cropped-logo-NOVUMED_texto-1.jpg\",\"width\":268,\"height\":250,\"caption\":\"novumed\"},\"image\":{\"@id\":\"https:\/\/novumedips.com\/#\/schema\/logo\/image\/\"}}]}<\/script>\n<!-- \/ Yoast SEO plugin. -->","yoast_head_json":{"title":"Linea Etica - novumed","robots":{"index":"index","follow":"follow","max-snippet":"max-snippet:-1","max-image-preview":"max-image-preview:large","max-video-preview":"max-video-preview:-1"},"canonical":"https:\/\/novumedips.com\/index.php\/linea-etica\/","og_locale":"es_ES","og_type":"article","og_title":"Linea Etica - novumed","og_description":"L\u00ednea \u00c9tica \u00bfQu\u00e9 es la L\u00ednea \u00c9tica? Es un mecanismo que atiende reportes de actividades que sean contrarias a la Ley y al C\u00f3digo del Buen Gobierno, conductas que atenten contra los derechos humanos y comportamientos inapropiados o indeseables dentro de NOVUMED IPS En todo el proceso se mantiene la confidencialidad, garantizando absoluta reserva desde [&hellip;]","og_url":"https:\/\/novumedips.com\/index.php\/linea-etica\/","og_site_name":"novumed","article_modified_time":"2025-08-29T15:59:32+00:00","twitter_card":"summary_large_image","twitter_misc":{"Tiempo estimado de lectura":"1 minuto"},"schema":{"@context":"https:\/\/schema.org","@graph":[{"@type":"WebPage","@id":"https:\/\/novumedips.com\/index.php\/linea-etica\/","url":"https:\/\/novumedips.com\/index.php\/linea-etica\/","name":"Linea Etica - novumed","isPartOf":{"@id":"https:\/\/novumedips.com\/#website"},"datePublished":"2025-08-29T13:41:07+00:00","dateModified":"2025-08-29T15:59:32+00:00","inLanguage":"es-CO","potentialAction":[{"@type":"ReadAction","target":["https:\/\/novumedips.com\/index.php\/linea-etica\/"]}]},{"@type":"WebSite","@id":"https:\/\/novumedips.com\/#website","url":"https:\/\/novumedips.com\/","name":"novumed","description":"","publisher":{"@id":"https:\/\/novumedips.com\/#organization"},"potentialAction":[{"@type":"SearchAction","target":{"@type":"EntryPoint","urlTemplate":"https:\/\/novumedips.com\/?s={search_term_string}"},"query-input":"required name=search_term_string"}],"inLanguage":"es-CO"},{"@type":"Organization","@id":"https:\/\/novumedips.com\/#organization","name":"novumed","url":"https:\/\/novumedips.com\/","logo":{"@type":"ImageObject","inLanguage":"es-CO","@id":"https:\/\/novumedips.com\/#\/schema\/logo\/image\/","url":"https:\/\/novumedips.com\/wp-content\/uploads\/2023\/06\/cropped-logo-NOVUMED_texto-1.jpg","contentUrl":"https:\/\/novumedips.com\/wp-content\/uploads\/2023\/06\/cropped-logo-NOVUMED_texto-1.jpg","width":268,"height":250,"caption":"novumed"},"image":{"@id":"https:\/\/novumedips.com\/#\/schema\/logo\/image\/"}}]}},"uagb_featured_image_src":{"full":false,"thumbnail":false,"medium":false,"medium_large":false,"large":false,"1536x1536":false,"2048x2048":false,"tabib-hospital-featured-image":false,"tabib-hospital-thumbnail-avatar":false},"uagb_author_info":{"display_name":"admin","author_link":"https:\/\/novumedips.com\/index.php\/author\/novumedips\/"},"uagb_comment_info":0,"uagb_excerpt":"L\u00ednea \u00c9tica \u00bfQu\u00e9 es la L\u00ednea \u00c9tica? Es un mecanismo que atiende reportes de actividades que sean contrarias a la Ley y al C\u00f3digo del Buen Gobierno, conductas que atenten contra los derechos humanos y comportamientos inapropiados o indeseables dentro de NOVUMED IPS En todo el proceso se mantiene la confidencialidad, garantizando absoluta reserva desde&hellip;","_links":{"self":[{"href":"https:\/\/novumedips.com\/index.php\/wp-json\/wp\/v2\/pages\/2263","targetHints":{"allow":["GET"]}}],"collection":[{"href":"https:\/\/novumedips.com\/index.php\/wp-json\/wp\/v2\/pages"}],"about":[{"href":"https:\/\/novumedips.com\/index.php\/wp-json\/wp\/v2\/types\/page"}],"author":[{"embeddable":true,"href":"https:\/\/novumedips.com\/index.php\/wp-json\/wp\/v2\/users\/1"}],"replies":[{"embeddable":true,"href":"https:\/\/novumedips.com\/index.php\/wp-json\/wp\/v2\/comments?post=2263"}],"version-history":[{"count":17,"href":"https:\/\/novumedips.com\/index.php\/wp-json\/wp\/v2\/pages\/2263\/revisions"}],"predecessor-version":[{"id":2285,"href":"https:\/\/novumedips.com\/index.php\/wp-json\/wp\/v2\/pages\/2263\/revisions\/2285"}],"wp:attachment":[{"href":"https:\/\/novumedips.com\/index.php\/wp-json\/wp\/v2\/media?parent=2263"}],"curies":[{"name":"wp","href":"https:\/\/api.w.org\/{rel}","templated":true}]}}