{"id":3,"date":"2023-05-23T21:28:52","date_gmt":"2023-05-23T21:28:52","guid":{"rendered":"https:\/\/novumedips.com\/?page_id=3"},"modified":"2023-06-27T19:40:48","modified_gmt":"2023-06-27T19:40:48","slug":"politica-de-privacidad","status":"publish","type":"page","link":"https:\/\/novumedips.com\/index.php\/politica-de-privacidad\/","title":{"rendered":"Pol\u00edtica de privacidad"},"content":{"rendered":"\n<div class=\"wp-block-cover alignfull is-light img-politica_privacidad\" style=\"min-height:300px;aspect-ratio:unset;\"><span aria-hidden=\"true\" class=\"wp-block-cover__background has-background-dim-10 has-background-dim\"><\/span><img decoding=\"async\" width=\"1536\" height=\"400\" class=\"wp-block-cover__image-background wp-image-1658\" alt=\"pol\u00edtica de privacidad - novumed\" src=\"https:\/\/novumedips.com\/wp-content\/uploads\/2023\/06\/crop-0-0-1536-400-0-privacidad.jpg\" style=\"object-position:23% 38%\" data-object-fit=\"cover\" data-object-position=\"23% 38%\" srcset=\"https:\/\/novumedips.com\/wp-content\/uploads\/2023\/06\/crop-0-0-1536-400-0-privacidad.jpg 1536w, https:\/\/novumedips.com\/wp-content\/uploads\/2023\/06\/crop-0-0-1536-400-0-privacidad-300x78.jpg 300w, https:\/\/novumedips.com\/wp-content\/uploads\/2023\/06\/crop-0-0-1536-400-0-privacidad-1024x267.jpg 1024w, https:\/\/novumedips.com\/wp-content\/uploads\/2023\/06\/crop-0-0-1536-400-0-privacidad-768x200.jpg 768w\" sizes=\"(max-width: 1536px) 100vw, 1536px\" \/><div class=\"wp-block-cover__inner-container is-layout-flow wp-block-cover-is-layout-flow\">\n<p class=\"has-text-align-center has-white-color has-text-color has-large-font-size\"><strong>Pol\u00edticas de privacidad<\/strong><\/p>\n<\/div><\/div>\n\n\n\n<p><strong>Texto sugerido:<\/strong>&nbsp;La direcci\u00f3n de nuestro sitio web es: <a class=\"contenido-enlaces\" href=\"https:\/\/novumedips.com\">https:\/\/novumedips.com<\/a>.<\/p>\n\n\n\n<h2 class=\"wp-block-heading\">Comentarios<\/h2>\n\n\n\n<p><strong>Texto sugerido:<\/strong>&nbsp;cuando los visitantes dejan comentarios en el sitio, recopilamos los datos que se muestran en el formulario de comentarios, y tambi\u00e9n la direcci\u00f3n IP del visitante y la cadena del agente de usuario del navegador para ayudar a la detecci\u00f3n de spam.<\/p>\n\n\n\n<p>Se puede proporcionar una cadena an\u00f3nima creada a partir de su direcci\u00f3n de correo electr\u00f3nico (tambi\u00e9n llamada hash) al servicio Gravatar para ver si la est\u00e1 utilizando.&nbsp;La pol\u00edtica de privacidad del servicio Gravatar est\u00e1 disponible aqu\u00ed: https:\/\/automattic.com\/privacy\/.&nbsp;Despu\u00e9s de la aprobaci\u00f3n de su comentario, su foto de perfil es visible para el p\u00fablico en el contexto de su comentario.<\/p>\n\n\n\n<h2 class=\"wp-block-heading\">Medios de comunicaci\u00f3n<\/h2>\n\n\n\n<p><strong>Texto sugerido:<\/strong>&nbsp;Si subes im\u00e1genes al sitio web, debes evitar subir im\u00e1genes con datos de ubicaci\u00f3n incrustados (GPS EXIF) incluidos.&nbsp;Los visitantes del sitio web pueden descargar y extraer cualquier dato de ubicaci\u00f3n de las im\u00e1genes del sitio web.<\/p>\n\n\n\n<h2 class=\"wp-block-heading\">Cookies<\/h2>\n\n\n\n<p><strong>Texto sugerido:<\/strong>&nbsp;si deja un comentario en nuestro sitio, puede optar por guardar su nombre, direcci\u00f3n de correo electr\u00f3nico y sitio web en cookies.&nbsp;Estos son para su comodidad, para que no tenga que volver a rellenar sus datos cuando deje otro comentario.&nbsp;Estas cookies tendr\u00e1n una duraci\u00f3n de un a\u00f1o.<\/p>\n\n\n\n<p>Si visita nuestra p\u00e1gina de inicio de sesi\u00f3n, estableceremos una cookie temporal para determinar si su navegador acepta cookies.&nbsp;Esta cookie no contiene datos personales y se descarta cuando cierra su navegador.<\/p>\n\n\n\n<p>Cuando inicie sesi\u00f3n, tambi\u00e9n configuraremos varias cookies para guardar su informaci\u00f3n de inicio de sesi\u00f3n y sus opciones de visualizaci\u00f3n de pantalla.&nbsp;Las cookies de inicio de sesi\u00f3n duran dos d\u00edas y las cookies de opciones de pantalla duran un a\u00f1o.&nbsp;Si selecciona &#8220;Recordarme&#8221;, su inicio de sesi\u00f3n persistir\u00e1 durante dos semanas.&nbsp;Si cierra sesi\u00f3n en su cuenta, se eliminar\u00e1n las cookies de inicio de sesi\u00f3n.<\/p>\n\n\n\n<p>Si edita o publica un art\u00edculo, se guardar\u00e1 una cookie adicional en su navegador.&nbsp;Esta cookie no incluye datos personales y simplemente indica el ID de publicaci\u00f3n del art\u00edculo que acaba de editar.&nbsp;Caduca despu\u00e9s de 1 d\u00eda.<\/p>\n\n\n\n<h2 class=\"wp-block-heading\">Contenido incrustado de otros sitios web<\/h2>\n\n\n\n<p><strong>Texto sugerido:<\/strong>&nbsp;los art\u00edculos de este sitio pueden incluir contenido incrustado (por ejemplo, videos, im\u00e1genes, art\u00edculos, etc.).&nbsp;El contenido incrustado de otros sitios web se comporta exactamente de la misma manera que si el visitante hubiera visitado el otro sitio web.<\/p>\n\n\n\n<p>Estos sitios web pueden recopilar datos sobre usted, usar cookies, incrustar un seguimiento adicional de terceros y monitorear su interacci\u00f3n con ese contenido incrustado, incluido el seguimiento de su interacci\u00f3n con el contenido incrustado si tiene una cuenta y ha iniciado sesi\u00f3n en ese sitio web.<\/p>\n\n\n\n<h2 class=\"wp-block-heading\">Con qui\u00e9n compartimos sus datos<\/h2>\n\n\n\n<p><strong>Texto sugerido:<\/strong>&nbsp;si solicita un restablecimiento de contrase\u00f1a, su direcci\u00f3n IP se incluir\u00e1 en el correo electr\u00f3nico de restablecimiento.<\/p>\n\n\n\n<h2 class=\"wp-block-heading\">Cu\u00e1nto tiempo conservamos sus datos<\/h2>\n\n\n\n<p><strong>Texto sugerido:<\/strong>&nbsp;si deja un comentario, el comentario y sus metadatos se conservan indefinidamente.&nbsp;Esto es para que podamos reconocer y aprobar cualquier comentario de seguimiento autom\u00e1ticamente en lugar de mantenerlos en una cola de moderaci\u00f3n.<\/p>\n\n\n\n<p>Para los usuarios que se registran en nuestro sitio web (si los hay), tambi\u00e9n almacenamos la informaci\u00f3n personal que proporcionan en su perfil de usuario.&nbsp;Todos los usuarios pueden ver, editar o eliminar su informaci\u00f3n personal en cualquier momento (excepto que no pueden cambiar su nombre de usuario).&nbsp;Los administradores del sitio web tambi\u00e9n pueden ver y editar esa informaci\u00f3n.<\/p>\n\n\n\n<h2 class=\"wp-block-heading\">Qu\u00e9 derechos tienes sobre tus datos<\/h2>\n\n\n\n<p><strong>Texto sugerido:<\/strong>&nbsp;si tiene una cuenta en este sitio o ha dejado comentarios, puede solicitar recibir un archivo exportado de los datos personales que tenemos sobre usted, incluidos los datos que nos haya proporcionado.&nbsp;Tambi\u00e9n puede solicitar que eliminemos cualquier dato personal que tengamos sobre usted.&nbsp;Esto no incluye ning\u00fan dato que estemos obligados a conservar con fines administrativos, legales o de <a class=\"contenido-enlaces\" href=\"https:\/\/es.wikipedia.org\/wiki\/Seguridad\" target=\"_blank\" rel=\"noreferrer noopener\">seguridad<\/a>.<\/p>\n\n\n\n<h2 class=\"wp-block-heading\">D\u00f3nde se env\u00edan sus datos<\/h2>\n\n\n\n<p><strong>Texto sugerido:<\/strong>&nbsp;Es posible que los comentarios de los visitantes los revise un servicio de detecci\u00f3n autom\u00e1tica de spam.<\/p>\n\n\n\n<hr  class=\"wp-block-separator has-alpha-channel-opacity is-style-wide\"\/>\n","protected":false},"excerpt":{"rendered":"<p>Texto sugerido:&nbsp;La direcci\u00f3n de nuestro sitio web es: https:\/\/novumedips.com. Comentarios Texto sugerido:&nbsp;cuando los visitantes dejan comentarios en el sitio, recopilamos los datos que se muestran en el formulario de comentarios, y tambi\u00e9n la direcci\u00f3n IP del visitante y la cadena del agente de usuario del navegador para ayudar a la detecci\u00f3n de spam. Se puede [&hellip;]<\/p>\n","protected":false},"author":1,"featured_media":0,"parent":0,"menu_order":0,"comment_status":"closed","ping_status":"closed","template":"","meta":{"_coblocks_attr":"","_coblocks_dimensions":"","_coblocks_responsive_height":"","_coblocks_accordion_ie_support":"","_uag_custom_page_level_css":"","_joinchat":[],"footnotes":""},"class_list":["post-3","page","type-page","status-publish","hentry"],"yoast_head":"<!-- This site is optimized with the Yoast SEO plugin v21.4 - https:\/\/yoast.com\/wordpress\/plugins\/seo\/ -->\n<title>Pol\u00edtica de privacidad - novumed<\/title>\n<meta name=\"description\" content=\"Pol\u00edtica de privacidad - novumed: Protegemos tu informaci\u00f3n con confidencialidad y seguridad. Cumplimos con est\u00e1ndar \u00e9ticos y legales.\" \/>\n<meta name=\"robots\" content=\"index, follow, max-snippet:-1, max-image-preview:large, max-video-preview:-1\" \/>\n<link rel=\"canonical\" href=\"https:\/\/novumedips.com\/index.php\/politica-de-privacidad\/\" \/>\n<meta property=\"og:locale\" content=\"es_ES\" \/>\n<meta property=\"og:type\" content=\"article\" \/>\n<meta property=\"og:title\" content=\"Pol\u00edtica de privacidad - novumed\" \/>\n<meta property=\"og:description\" content=\"Pol\u00edtica de privacidad - novumed: Protegemos tu informaci\u00f3n con confidencialidad y seguridad. Cumplimos con est\u00e1ndar \u00e9ticos y legales.\" \/>\n<meta property=\"og:url\" content=\"https:\/\/novumedips.com\/index.php\/politica-de-privacidad\/\" \/>\n<meta property=\"og:site_name\" content=\"novumed\" \/>\n<meta property=\"article:modified_time\" content=\"2023-06-27T19:40:48+00:00\" \/>\n<meta property=\"og:image\" content=\"https:\/\/novumedips.com\/wp-content\/uploads\/2023\/06\/crop-0-0-1536-400-0-privacidad.jpg\" \/>\n<meta name=\"twitter:card\" content=\"summary_large_image\" \/>\n<meta name=\"twitter:label1\" content=\"Tiempo estimado de lectura\" \/>\n\t<meta name=\"twitter:data1\" content=\"4 minutos\" \/>\n<script type=\"application\/ld+json\" class=\"yoast-schema-graph\">{\"@context\":\"https:\/\/schema.org\",\"@graph\":[{\"@type\":\"WebPage\",\"@id\":\"https:\/\/novumedips.com\/index.php\/politica-de-privacidad\/\",\"url\":\"https:\/\/novumedips.com\/index.php\/politica-de-privacidad\/\",\"name\":\"Pol\u00edtica de privacidad - novumed\",\"isPartOf\":{\"@id\":\"https:\/\/novumedips.com\/#website\"},\"datePublished\":\"2023-05-23T21:28:52+00:00\",\"dateModified\":\"2023-06-27T19:40:48+00:00\",\"description\":\"Pol\u00edtica de privacidad - novumed: Protegemos tu informaci\u00f3n con confidencialidad y seguridad. Cumplimos con est\u00e1ndar \u00e9ticos y legales.\",\"inLanguage\":\"es-CO\",\"potentialAction\":[{\"@type\":\"ReadAction\",\"target\":[\"https:\/\/novumedips.com\/index.php\/politica-de-privacidad\/\"]}]},{\"@type\":\"WebSite\",\"@id\":\"https:\/\/novumedips.com\/#website\",\"url\":\"https:\/\/novumedips.com\/\",\"name\":\"novumed\",\"description\":\"\",\"publisher\":{\"@id\":\"https:\/\/novumedips.com\/#organization\"},\"potentialAction\":[{\"@type\":\"SearchAction\",\"target\":{\"@type\":\"EntryPoint\",\"urlTemplate\":\"https:\/\/novumedips.com\/?s={search_term_string}\"},\"query-input\":\"required name=search_term_string\"}],\"inLanguage\":\"es-CO\"},{\"@type\":\"Organization\",\"@id\":\"https:\/\/novumedips.com\/#organization\",\"name\":\"novumed\",\"url\":\"https:\/\/novumedips.com\/\",\"logo\":{\"@type\":\"ImageObject\",\"inLanguage\":\"es-CO\",\"@id\":\"https:\/\/novumedips.com\/#\/schema\/logo\/image\/\",\"url\":\"https:\/\/novumedips.com\/wp-content\/uploads\/2023\/06\/cropped-logo-NOVUMED_texto-1.jpg\",\"contentUrl\":\"https:\/\/novumedips.com\/wp-content\/uploads\/2023\/06\/cropped-logo-NOVUMED_texto-1.jpg\",\"width\":268,\"height\":250,\"caption\":\"novumed\"},\"image\":{\"@id\":\"https:\/\/novumedips.com\/#\/schema\/logo\/image\/\"}}]}<\/script>\n<!-- \/ Yoast SEO plugin. -->","yoast_head_json":{"title":"Pol\u00edtica de privacidad - novumed","description":"Pol\u00edtica de privacidad - novumed: Protegemos tu informaci\u00f3n con confidencialidad y seguridad. Cumplimos con est\u00e1ndar \u00e9ticos y legales.","robots":{"index":"index","follow":"follow","max-snippet":"max-snippet:-1","max-image-preview":"max-image-preview:large","max-video-preview":"max-video-preview:-1"},"canonical":"https:\/\/novumedips.com\/index.php\/politica-de-privacidad\/","og_locale":"es_ES","og_type":"article","og_title":"Pol\u00edtica de privacidad - novumed","og_description":"Pol\u00edtica de privacidad - novumed: Protegemos tu informaci\u00f3n con confidencialidad y seguridad. Cumplimos con est\u00e1ndar \u00e9ticos y legales.","og_url":"https:\/\/novumedips.com\/index.php\/politica-de-privacidad\/","og_site_name":"novumed","article_modified_time":"2023-06-27T19:40:48+00:00","og_image":[{"url":"https:\/\/novumedips.com\/wp-content\/uploads\/2023\/06\/crop-0-0-1536-400-0-privacidad.jpg"}],"twitter_card":"summary_large_image","twitter_misc":{"Tiempo estimado de lectura":"4 minutos"},"schema":{"@context":"https:\/\/schema.org","@graph":[{"@type":"WebPage","@id":"https:\/\/novumedips.com\/index.php\/politica-de-privacidad\/","url":"https:\/\/novumedips.com\/index.php\/politica-de-privacidad\/","name":"Pol\u00edtica de privacidad - novumed","isPartOf":{"@id":"https:\/\/novumedips.com\/#website"},"datePublished":"2023-05-23T21:28:52+00:00","dateModified":"2023-06-27T19:40:48+00:00","description":"Pol\u00edtica de privacidad - novumed: Protegemos tu informaci\u00f3n con confidencialidad y seguridad. Cumplimos con est\u00e1ndar \u00e9ticos y legales.","inLanguage":"es-CO","potentialAction":[{"@type":"ReadAction","target":["https:\/\/novumedips.com\/index.php\/politica-de-privacidad\/"]}]},{"@type":"WebSite","@id":"https:\/\/novumedips.com\/#website","url":"https:\/\/novumedips.com\/","name":"novumed","description":"","publisher":{"@id":"https:\/\/novumedips.com\/#organization"},"potentialAction":[{"@type":"SearchAction","target":{"@type":"EntryPoint","urlTemplate":"https:\/\/novumedips.com\/?s={search_term_string}"},"query-input":"required name=search_term_string"}],"inLanguage":"es-CO"},{"@type":"Organization","@id":"https:\/\/novumedips.com\/#organization","name":"novumed","url":"https:\/\/novumedips.com\/","logo":{"@type":"ImageObject","inLanguage":"es-CO","@id":"https:\/\/novumedips.com\/#\/schema\/logo\/image\/","url":"https:\/\/novumedips.com\/wp-content\/uploads\/2023\/06\/cropped-logo-NOVUMED_texto-1.jpg","contentUrl":"https:\/\/novumedips.com\/wp-content\/uploads\/2023\/06\/cropped-logo-NOVUMED_texto-1.jpg","width":268,"height":250,"caption":"novumed"},"image":{"@id":"https:\/\/novumedips.com\/#\/schema\/logo\/image\/"}}]}},"uagb_featured_image_src":{"full":false,"thumbnail":false,"medium":false,"medium_large":false,"large":false,"1536x1536":false,"2048x2048":false,"tabib-hospital-featured-image":false,"tabib-hospital-thumbnail-avatar":false},"uagb_author_info":{"display_name":"admin","author_link":"https:\/\/novumedips.com\/index.php\/author\/novumedips\/"},"uagb_comment_info":0,"uagb_excerpt":"Texto sugerido:&nbsp;La direcci\u00f3n de nuestro sitio web es: https:\/\/novumedips.com. Comentarios Texto sugerido:&nbsp;cuando los visitantes dejan comentarios en el sitio, recopilamos los datos que se muestran en el formulario de comentarios, y tambi\u00e9n la direcci\u00f3n IP del visitante y la cadena del agente de usuario del navegador para ayudar a la detecci\u00f3n de spam. Se puede&hellip;","_links":{"self":[{"href":"https:\/\/novumedips.com\/index.php\/wp-json\/wp\/v2\/pages\/3","targetHints":{"allow":["GET"]}}],"collection":[{"href":"https:\/\/novumedips.com\/index.php\/wp-json\/wp\/v2\/pages"}],"about":[{"href":"https:\/\/novumedips.com\/index.php\/wp-json\/wp\/v2\/types\/page"}],"author":[{"embeddable":true,"href":"https:\/\/novumedips.com\/index.php\/wp-json\/wp\/v2\/users\/1"}],"replies":[{"embeddable":true,"href":"https:\/\/novumedips.com\/index.php\/wp-json\/wp\/v2\/comments?post=3"}],"version-history":[{"count":0,"href":"https:\/\/novumedips.com\/index.php\/wp-json\/wp\/v2\/pages\/3\/revisions"}],"wp:attachment":[{"href":"https:\/\/novumedips.com\/index.php\/wp-json\/wp\/v2\/media?parent=3"}],"curies":[{"name":"wp","href":"https:\/\/api.w.org\/{rel}","templated":true}]}}