{"id":44,"date":"2023-06-06T21:13:21","date_gmt":"2023-06-06T21:13:21","guid":{"rendered":"https:\/\/novumedips.com\/?page_id=44"},"modified":"2023-11-02T19:33:46","modified_gmt":"2023-11-02T19:33:46","slug":"inicio-novumed","status":"publish","type":"page","link":"https:\/\/novumedips.com\/","title":{"rendered":"Inicio"},"content":{"rendered":"\n<div class=\"wp-block-nextend-smartslider3\">[smartslider3 slider=&#8221;3&#8243;]<\/div>\n\n\n\n<div class=\"wp-block-group alignfull\"><div class=\"wp-block-group__inner-container is-layout-constrained wp-block-group-is-layout-constrained\">\n<div class=\"wp-block-cover is-light\" style=\"min-height:300px;aspect-ratio:unset;\"><span aria-hidden=\"true\" class=\"wp-block-cover__background has-background-dim-0 has-background-dim\"><\/span><img decoding=\"async\" class=\"wp-block-cover__image-background wp-image-1392\" alt=\"privacidad novumed\" src=\"https:\/\/novumedips.com\/wp-content\/uploads\/2023\/06\/privacidad.jpg\" style=\"object-position:52% 39%\" data-object-fit=\"cover\" data-object-position=\"52% 39%\"\/><div class=\"wp-block-cover__inner-container is-layout-flow wp-block-cover-is-layout-flow\">\n<div class=\"wp-block-group is-vertical is-content-justification-right is-layout-flex wp-container-core-group-is-layout-b6c475e2 wp-block-group-is-layout-flex\">\n<div class=\"wp-block-uagb-advanced-heading uagb-block-fbd28e2b\"><h2 class=\"uagb-heading-text\">Aviso de<\/h2><\/div>\n\n\n\n<div class=\"wp-block-uagb-advanced-heading uagb-block-7be915fb\"><h2 class=\"uagb-heading-text\">privacidad<\/h2><\/div>\n\n\n\n<div class=\"wp-block-buttons is-layout-flex wp-block-buttons-is-layout-flex\">\n<div class=\"wp-block-button has-custom-font-size has-small-font-size\"><a class=\"wp-block-button__link has-white-color has-text-color has-background wp-element-button\" href=\"https:\/\/novumedips.com\/index.php\/politica-de-privacidad\/\" style=\"background-color:#3371c9\" target=\"_blank\" rel=\"noreferrer noopener\">LEER M\u00c1S<\/a><\/div>\n<\/div>\n<\/div>\n<\/div><\/div>\n<\/div><\/div>\n\n\n\n<div class=\"wp-block-group alignfull\"><div class=\"wp-block-group__inner-container is-layout-constrained wp-block-group-is-layout-constrained\">\n<div class=\"wp-block-group is-vertical is-content-justification-center is-layout-flex wp-container-core-group-is-layout-48c2c4f0 wp-block-group-is-layout-flex\">\n<div class=\"wp-block-uagb-advanced-heading uagb-block-d4cb5267\"><h2 class=\"uagb-heading-text\">8 RECOMENDACIONES PARA UN CORAZ\u00d3N SANO<\/h2><\/div>\n<\/div>\n\n\n\n<div class=\"wp-block-uagb-container uagb-block-b5991915 alignfull uagb-is-root-container\"><div class=\"uagb-container-inner-blocks-wrap\">\n<div class=\"wp-block-uagb-container uagb-block-5f1676df\">\n<figure class=\"wp-block-image size-full\"><img decoding=\"async\" width=\"450\" height=\"170\" src=\"https:\/\/novumedips.com\/wp-content\/uploads\/2023\/06\/1.jpg\" alt=\"recomendaciones uno\" class=\"wp-image-2004\" srcset=\"https:\/\/novumedips.com\/wp-content\/uploads\/2023\/06\/1.jpg 450w, https:\/\/novumedips.com\/wp-content\/uploads\/2023\/06\/1-300x113.jpg 300w\" sizes=\"(max-width: 450px) 100vw, 450px\" \/><\/figure>\n\n\n\n<figure class=\"wp-block-image size-full\"><img decoding=\"async\" width=\"450\" height=\"170\" src=\"https:\/\/novumedips.com\/wp-content\/uploads\/2023\/06\/2.jpg\" alt=\"recomendaciones dos\" class=\"wp-image-2005\" srcset=\"https:\/\/novumedips.com\/wp-content\/uploads\/2023\/06\/2.jpg 450w, https:\/\/novumedips.com\/wp-content\/uploads\/2023\/06\/2-300x113.jpg 300w\" sizes=\"(max-width: 450px) 100vw, 450px\" \/><\/figure>\n\n\n\n<figure class=\"wp-block-image size-full\"><img decoding=\"async\" width=\"450\" height=\"170\" src=\"https:\/\/novumedips.com\/wp-content\/uploads\/2023\/06\/3.jpg\" alt=\"recomendaciones tres\" class=\"wp-image-2006\" srcset=\"https:\/\/novumedips.com\/wp-content\/uploads\/2023\/06\/3.jpg 450w, https:\/\/novumedips.com\/wp-content\/uploads\/2023\/06\/3-300x113.jpg 300w\" sizes=\"(max-width: 450px) 100vw, 450px\" \/><\/figure>\n\n\n\n<figure class=\"wp-block-image size-full\"><img decoding=\"async\" width=\"450\" height=\"170\" src=\"https:\/\/novumedips.com\/wp-content\/uploads\/2023\/06\/4.jpg\" alt=\"recomendaciones cuatro novumed\" class=\"wp-image-2007\" srcset=\"https:\/\/novumedips.com\/wp-content\/uploads\/2023\/06\/4.jpg 450w, https:\/\/novumedips.com\/wp-content\/uploads\/2023\/06\/4-300x113.jpg 300w\" sizes=\"(max-width: 450px) 100vw, 450px\" \/><\/figure>\n<\/div>\n\n\n\n<div class=\"wp-block-uagb-container uagb-block-4eed8e1f\">\n<figure class=\"wp-block-image alignfull size-full animated heartBeat uag-hide-mob\"><img decoding=\"async\" width=\"894\" height=\"1024\" src=\"https:\/\/novumedips.com\/wp-content\/uploads\/2023\/06\/corazon2x-8.jpg\" alt=\"novumed\" class=\"wp-image-1782\" srcset=\"https:\/\/novumedips.com\/wp-content\/uploads\/2023\/06\/corazon2x-8.jpg 894w, https:\/\/novumedips.com\/wp-content\/uploads\/2023\/06\/corazon2x-8-262x300.jpg 262w, https:\/\/novumedips.com\/wp-content\/uploads\/2023\/06\/corazon2x-8-768x880.jpg 768w\" sizes=\"(max-width: 894px) 100vw, 894px\" \/><\/figure>\n<\/div>\n\n\n\n<div class=\"wp-block-uagb-container uagb-block-6051cc51\">\n<figure class=\"wp-block-image size-full\"><img decoding=\"async\" width=\"450\" height=\"170\" src=\"https:\/\/novumedips.com\/wp-content\/uploads\/2023\/06\/5.jpg\" alt=\"recomendaciones cinco\" class=\"wp-image-2008\" srcset=\"https:\/\/novumedips.com\/wp-content\/uploads\/2023\/06\/5.jpg 450w, https:\/\/novumedips.com\/wp-content\/uploads\/2023\/06\/5-300x113.jpg 300w\" sizes=\"(max-width: 450px) 100vw, 450px\" \/><\/figure>\n\n\n\n<figure class=\"wp-block-image size-full\"><img decoding=\"async\" width=\"450\" height=\"170\" src=\"https:\/\/novumedips.com\/wp-content\/uploads\/2023\/06\/6.jpg\" alt=\"recomendaciones seis\" class=\"wp-image-2009\" srcset=\"https:\/\/novumedips.com\/wp-content\/uploads\/2023\/06\/6.jpg 450w, https:\/\/novumedips.com\/wp-content\/uploads\/2023\/06\/6-300x113.jpg 300w\" sizes=\"(max-width: 450px) 100vw, 450px\" \/><\/figure>\n\n\n\n<figure class=\"wp-block-image size-full\"><img decoding=\"async\" width=\"450\" height=\"170\" src=\"https:\/\/novumedips.com\/wp-content\/uploads\/2023\/06\/7.jpg\" alt=\"recomendaciones siete\" class=\"wp-image-2010\" srcset=\"https:\/\/novumedips.com\/wp-content\/uploads\/2023\/06\/7.jpg 450w, https:\/\/novumedips.com\/wp-content\/uploads\/2023\/06\/7-300x113.jpg 300w\" sizes=\"(max-width: 450px) 100vw, 450px\" \/><\/figure>\n\n\n\n<figure class=\"wp-block-image size-full\"><img decoding=\"async\" width=\"450\" height=\"170\" src=\"https:\/\/novumedips.com\/wp-content\/uploads\/2023\/06\/8.jpg\" alt=\"recomendaciones ocho\" class=\"wp-image-2011\" srcset=\"https:\/\/novumedips.com\/wp-content\/uploads\/2023\/06\/8.jpg 450w, https:\/\/novumedips.com\/wp-content\/uploads\/2023\/06\/8-300x113.jpg 300w\" sizes=\"(max-width: 450px) 100vw, 450px\" \/><\/figure>\n<\/div>\n<\/div><\/div>\n<\/div><\/div>\n\n\n\n<div class=\"wp-block-uagb-container uagb-block-0c5b5cc1 alignfull uagb-is-root-container\">\n<h2>NOSOTROS<\/h2>\nEn novumed, nos apasiona tu bienestar y salud. Como una Instituci\u00f3n Prestadora de Salud l\u00edder, nos enfocamos en brindar una atenci\u00f3n m\u00e9dica integral y de calidad a nuestros valiosos pacientes\n<br><br>\nPara lograrlo, contamos con un equipo excepcional de profesionales altamente calificados y comprometidos en diversas especialidades m\u00e9dicas y disciplinas. Desde m\u00e9dicos generales hasta especialistas, nuestro personal trabaja en conjunto para proporcionar la mejor atenci\u00f3n posible.<br> Adem\u00e1s, nuestro equipo incluye enfermeras, t\u00e9cnicos y personal de apoyo capacitado para brindarte un cuidado integral.<br><br>\nEn novumed, nos esforzamos por mantenernos a la vanguardia de la medicina y la tecnolog\u00eda m\u00e9dica.<br> Nuestras instalaciones est\u00e1n equipadas con equipos de \u00faltima generaci\u00f3n, lo que nos permite utilizar enfoques avanzados y actualizados en el diagn\u00f3stico, tratamiento y prevenci\u00f3n de enfermedades.<br> Desde ex\u00e1menes de laboratorio y estudios diagn\u00f3sticos por im\u00e1genes hasta cirug\u00edas especializadas y terapias innovadoras, estamos preparados para enfrentar cualquier desaf\u00edo m\u00e9dico que puedas tener.<br><br>\nAdem\u00e1s de nuestra atenci\u00f3n m\u00e9dica excepcional, nos esforzamos por brindarte un entorno c\u00e1lido, acogedor y emp\u00e1tico.<br> Reconocemos que recibir atenci\u00f3n m\u00e9dica puede generar estr\u00e9s, por lo que nos enfocamos en brindar un apoyo emocional integral y fomentar una relaci\u00f3n de confianza con cada uno de nuestros pacientes.<br><br>\nEn novumed, tu salud y bienestar son nuestra prioridad.<br> Trabajamos en estrecha colaboraci\u00f3n contigo para comprender tus necesidades y desarrollar un plan de tratamiento personalizado que se adapte a tu situaci\u00f3n \u00fanica.<br> Ya sea que necesites una consulta m\u00e9dica de rutina o un seguimiento especializado, puedes confiar en nosotros para ofrecerte la atenci\u00f3n m\u00e9dica excepcional que mereces. En novumed, estamos aqu\u00ed para cuidar de ti, tu familia y tu comunidad. Descubre la diferencia que una IPS comprometida con tu salud.\n<\/div>\n\n\n\n<div class=\"wp-block-group\"><div class=\"wp-block-group__inner-container is-layout-constrained wp-block-group-is-layout-constrained\">\n<div class=\"wp-block-columns alignwide are-vertically-aligned-top has-text-color has-background is-layout-flex wp-container-core-columns-is-layout-9d6595d7 wp-block-columns-is-layout-flex\" style=\"color:#000000;background-color:#ffffff\">\n<div class=\"wp-block-column is-vertically-aligned-top is-layout-flow wp-block-column-is-layout-flow\">\n<h3 class=\"wp-block-heading\" style=\"font-size:24px;line-height:1.3\"><strong><a href=\"#\">Novumed \u2197<\/a><\/strong><\/h3>\n\n\n\n<p>Nuestro compromiso en novumed se basa en la creencia fundamental de que cada individuo merece recibir una atenci\u00f3n m\u00e9dica personalizada y accesible para disfrutar de una vida plena y saludable.<\/p>\n<\/div>\n\n\n\n<div class=\"wp-block-column is-vertically-aligned-top is-layout-flow wp-block-column-is-layout-flow\">\n<h3 class=\"wp-block-heading\" style=\"font-size:24px;line-height:1.3\"><strong><a href=\"https:\/\/novumedips.com\/index.php\/contactenos\/\">Contacto \u2197<\/a><\/strong><\/h3>\n\n\n\n<p>Ponte en contacto con novumed hoy mismo y permite brindarnos atenci\u00f3n medica de <a href=\"https:\/\/es.wikipedia.org\/wiki\/Calidad\" target=\"_blank\" rel=\"noopener\">calidad<\/a>.<\/p>\n<\/div>\n\n\n\n<div class=\"wp-block-column is-vertically-aligned-top is-layout-flow wp-block-column-is-layout-flow\">\n<h3 class=\"wp-block-heading\" style=\"font-size:24px;line-height:1.3\"><strong><a href=\"https:\/\/novumedips.com\/index.php\/sedes\/\">Informaci\u00f3n \u00fatil \u2197<\/a><\/strong><\/h3>\n\n\n\n<p>Conoce las <a href=\"https:\/\/novumedips.com\/index.php\/sedes\/\">sedes<\/a>, tel\u00e9fonos y puntos de atenci\u00f3n  mas cercanos de novumed. <strong>\u00a1Te esperamos!<\/strong><\/p>\n<\/div>\n<\/div>\n<\/div><\/div>\n","protected":false},"excerpt":{"rendered":"<p>8 RECOMENDACIONES PARA UN CORAZ\u00d3N SANO NOSOTROS En novumed, nos apasiona tu bienestar y salud. Como una Instituci\u00f3n Prestadora de Salud l\u00edder, nos enfocamos en brindar una atenci\u00f3n m\u00e9dica integral y de calidad a nuestros valiosos pacientes Para lograrlo, contamos con un equipo excepcional de profesionales altamente calificados y comprometidos en diversas especialidades m\u00e9dicas y [&hellip;]<\/p>\n","protected":false},"author":1,"featured_media":0,"parent":0,"menu_order":0,"comment_status":"closed","ping_status":"closed","template":"page-template\/home-custom.php","meta":{"_coblocks_attr":"","_coblocks_dimensions":"","_coblocks_responsive_height":"","_coblocks_accordion_ie_support":"","_uag_custom_page_level_css":"","_joinchat":[],"footnotes":""},"class_list":["post-44","page","type-page","status-publish","hentry"],"yoast_head":"<!-- This site is optimized with the Yoast SEO plugin v21.4 - https:\/\/yoast.com\/wordpress\/plugins\/seo\/ -->\n<title>novumed - Inicio - profesionales altamente calificados<\/title>\n<meta name=\"description\" content=\"La salud en novumed es lo primordial , nuestro compromiso es tu bienestar, brindamos servicios de alta calidad.\" \/>\n<meta name=\"robots\" content=\"index, follow, max-snippet:-1, max-image-preview:large, max-video-preview:-1\" \/>\n<link rel=\"canonical\" href=\"https:\/\/novumedips.com\/\" \/>\n<meta property=\"og:locale\" content=\"es_ES\" \/>\n<meta property=\"og:type\" content=\"article\" \/>\n<meta property=\"og:title\" content=\"novumed - Inicio - profesionales altamente calificados\" \/>\n<meta property=\"og:description\" content=\"La salud en novumed es lo primordial , nuestro compromiso es tu bienestar, brindamos servicios de alta calidad.\" \/>\n<meta property=\"og:url\" content=\"https:\/\/novumedips.com\/\" \/>\n<meta property=\"og:site_name\" content=\"novumed\" \/>\n<meta property=\"article:modified_time\" content=\"2023-11-02T19:33:46+00:00\" \/>\n<meta property=\"og:image\" content=\"https:\/\/novumedips.com\/wp-content\/uploads\/2023\/06\/privacidad.jpg\" \/>\n<meta name=\"twitter:card\" content=\"summary_large_image\" \/>\n<meta name=\"twitter:label1\" content=\"Tiempo estimado de lectura\" \/>\n\t<meta name=\"twitter:data1\" content=\"4 minutos\" \/>\n<script type=\"application\/ld+json\" class=\"yoast-schema-graph\">{\"@context\":\"https:\/\/schema.org\",\"@graph\":[{\"@type\":\"WebPage\",\"@id\":\"https:\/\/novumedips.com\/\",\"url\":\"https:\/\/novumedips.com\/\",\"name\":\"novumed - Inicio - profesionales altamente calificados\",\"isPartOf\":{\"@id\":\"https:\/\/novumedips.com\/#website\"},\"datePublished\":\"2023-06-06T21:13:21+00:00\",\"dateModified\":\"2023-11-02T19:33:46+00:00\",\"description\":\"La salud en novumed es lo primordial , nuestro compromiso es tu bienestar, brindamos servicios de alta calidad.\",\"inLanguage\":\"es-CO\",\"potentialAction\":[{\"@type\":\"ReadAction\",\"target\":[\"https:\/\/novumedips.com\/\"]}]},{\"@type\":\"WebSite\",\"@id\":\"https:\/\/novumedips.com\/#website\",\"url\":\"https:\/\/novumedips.com\/\",\"name\":\"novumed\",\"description\":\"\",\"publisher\":{\"@id\":\"https:\/\/novumedips.com\/#organization\"},\"potentialAction\":[{\"@type\":\"SearchAction\",\"target\":{\"@type\":\"EntryPoint\",\"urlTemplate\":\"https:\/\/novumedips.com\/?s={search_term_string}\"},\"query-input\":\"required name=search_term_string\"}],\"inLanguage\":\"es-CO\"},{\"@type\":\"Organization\",\"@id\":\"https:\/\/novumedips.com\/#organization\",\"name\":\"novumed\",\"url\":\"https:\/\/novumedips.com\/\",\"logo\":{\"@type\":\"ImageObject\",\"inLanguage\":\"es-CO\",\"@id\":\"https:\/\/novumedips.com\/#\/schema\/logo\/image\/\",\"url\":\"https:\/\/novumedips.com\/wp-content\/uploads\/2023\/06\/cropped-logo-NOVUMED_texto-1.jpg\",\"contentUrl\":\"https:\/\/novumedips.com\/wp-content\/uploads\/2023\/06\/cropped-logo-NOVUMED_texto-1.jpg\",\"width\":268,\"height\":250,\"caption\":\"novumed\"},\"image\":{\"@id\":\"https:\/\/novumedips.com\/#\/schema\/logo\/image\/\"}}]}<\/script>\n<!-- \/ Yoast SEO plugin. -->","yoast_head_json":{"title":"novumed - Inicio - profesionales altamente calificados","description":"La salud en novumed es lo primordial , nuestro compromiso es tu bienestar, brindamos servicios de alta calidad.","robots":{"index":"index","follow":"follow","max-snippet":"max-snippet:-1","max-image-preview":"max-image-preview:large","max-video-preview":"max-video-preview:-1"},"canonical":"https:\/\/novumedips.com\/","og_locale":"es_ES","og_type":"article","og_title":"novumed - Inicio - profesionales altamente calificados","og_description":"La salud en novumed es lo primordial , nuestro compromiso es tu bienestar, brindamos servicios de alta calidad.","og_url":"https:\/\/novumedips.com\/","og_site_name":"novumed","article_modified_time":"2023-11-02T19:33:46+00:00","og_image":[{"url":"https:\/\/novumedips.com\/wp-content\/uploads\/2023\/06\/privacidad.jpg"}],"twitter_card":"summary_large_image","twitter_misc":{"Tiempo estimado de lectura":"4 minutos"},"schema":{"@context":"https:\/\/schema.org","@graph":[{"@type":"WebPage","@id":"https:\/\/novumedips.com\/","url":"https:\/\/novumedips.com\/","name":"novumed - Inicio - profesionales altamente calificados","isPartOf":{"@id":"https:\/\/novumedips.com\/#website"},"datePublished":"2023-06-06T21:13:21+00:00","dateModified":"2023-11-02T19:33:46+00:00","description":"La salud en novumed es lo primordial , nuestro compromiso es tu bienestar, brindamos servicios de alta calidad.","inLanguage":"es-CO","potentialAction":[{"@type":"ReadAction","target":["https:\/\/novumedips.com\/"]}]},{"@type":"WebSite","@id":"https:\/\/novumedips.com\/#website","url":"https:\/\/novumedips.com\/","name":"novumed","description":"","publisher":{"@id":"https:\/\/novumedips.com\/#organization"},"potentialAction":[{"@type":"SearchAction","target":{"@type":"EntryPoint","urlTemplate":"https:\/\/novumedips.com\/?s={search_term_string}"},"query-input":"required name=search_term_string"}],"inLanguage":"es-CO"},{"@type":"Organization","@id":"https:\/\/novumedips.com\/#organization","name":"novumed","url":"https:\/\/novumedips.com\/","logo":{"@type":"ImageObject","inLanguage":"es-CO","@id":"https:\/\/novumedips.com\/#\/schema\/logo\/image\/","url":"https:\/\/novumedips.com\/wp-content\/uploads\/2023\/06\/cropped-logo-NOVUMED_texto-1.jpg","contentUrl":"https:\/\/novumedips.com\/wp-content\/uploads\/2023\/06\/cropped-logo-NOVUMED_texto-1.jpg","width":268,"height":250,"caption":"novumed"},"image":{"@id":"https:\/\/novumedips.com\/#\/schema\/logo\/image\/"}}]}},"uagb_featured_image_src":{"full":false,"thumbnail":false,"medium":false,"medium_large":false,"large":false,"1536x1536":false,"2048x2048":false,"tabib-hospital-featured-image":false,"tabib-hospital-thumbnail-avatar":false},"uagb_author_info":{"display_name":"admin","author_link":"https:\/\/novumedips.com\/index.php\/author\/novumedips\/"},"uagb_comment_info":0,"uagb_excerpt":"8 RECOMENDACIONES PARA UN CORAZ\u00d3N SANO NOSOTROS En novumed, nos apasiona tu bienestar y salud. Como una Instituci\u00f3n Prestadora de Salud l\u00edder, nos enfocamos en brindar una atenci\u00f3n m\u00e9dica integral y de calidad a nuestros valiosos pacientes Para lograrlo, contamos con un equipo excepcional de profesionales altamente calificados y comprometidos en diversas especialidades m\u00e9dicas y&hellip;","_links":{"self":[{"href":"https:\/\/novumedips.com\/index.php\/wp-json\/wp\/v2\/pages\/44","targetHints":{"allow":["GET"]}}],"collection":[{"href":"https:\/\/novumedips.com\/index.php\/wp-json\/wp\/v2\/pages"}],"about":[{"href":"https:\/\/novumedips.com\/index.php\/wp-json\/wp\/v2\/types\/page"}],"author":[{"embeddable":true,"href":"https:\/\/novumedips.com\/index.php\/wp-json\/wp\/v2\/users\/1"}],"replies":[{"embeddable":true,"href":"https:\/\/novumedips.com\/index.php\/wp-json\/wp\/v2\/comments?post=44"}],"version-history":[{"count":81,"href":"https:\/\/novumedips.com\/index.php\/wp-json\/wp\/v2\/pages\/44\/revisions"}],"predecessor-version":[{"id":2182,"href":"https:\/\/novumedips.com\/index.php\/wp-json\/wp\/v2\/pages\/44\/revisions\/2182"}],"wp:attachment":[{"href":"https:\/\/novumedips.com\/index.php\/wp-json\/wp\/v2\/media?parent=44"}],"curies":[{"name":"wp","href":"https:\/\/api.w.org\/{rel}","templated":true}]}}